{"id":1294,"date":"2026-02-27T10:51:44","date_gmt":"2026-02-27T08:51:44","guid":{"rendered":"https:\/\/kasteeldekeverberg.nl\/kontakt\/"},"modified":"2026-05-08T14:36:39","modified_gmt":"2026-05-08T12:36:39","slug":"kontakt","status":"publish","type":"page","link":"https:\/\/kasteeldekeverberg.nl\/de\/kontakt\/","title":{"rendered":"Kontakt"},"content":{"rendered":"\r\n    <div class=\"block-hero\" style=\"background-image: url('https:\/\/kasteeldekeverberg.nl\/wp-content\/uploads\/2026\/02\/heroimage.webp');\">\r\n        <div class=\"custom-container\">\r\n            <div class=\"row\">\r\n                <div class=\"col-12\">\r\n                    <div class=\"block-hero-divider rood\">\r\n                        <h1 class=\"block-hero-title load-hidden\"><p>Nehmen Sie Kontakt mit Schloss De Keverberg auf<\/p>\n<\/h1>\r\n                    <\/div>\r\n                                            <div class=\"block-hero-info\">\r\n                            <h2>Openingstijden<\/h2>\r\n                            <ul>\r\n                                                                                                                                                <li>\r\n                                                                                            <span class=\"day\">Di\u2013Mi\u2013Do<\/span>\r\n                                                                                                                                        <span class=\"time\">11:00 \u2013 17:00<\/span>\r\n                                                                                    <\/li>\r\n                                                                                                                                                                                    <li>\r\n                                                                                            <span class=\"day\">Sa \u2013 So<\/span>\r\n                                                                                                                                        <span class=\"time\">11:00 \u2013 17:00<\/span>\r\n                                                                                    <\/li>\r\n                                                                                                <\/ul>\r\n                        <\/div>\r\n                                    <\/div>\r\n            <\/div>\r\n        <\/div>\r\n                    <a href=\"#\" class=\"block-hero-indicator load-hidden\">\r\n                <p>Ontdek<\/p>\r\n                <img decoding=\"async\" src=\"https:\/\/kasteeldekeverberg.nl\/wp-content\/themes\/loeihard-theme\/assets\/icon\/chevron-down-sharp-solid-full.svg\" alt=\"\">\r\n            <\/a>\r\n            <\/div>\r\n<div class=\"block-text-carousel no-padding-bottom\">\r\n    <div class=\"container\">\r\n        <div class=\"row\">\r\n            <div class=\"col-11 col-md-10\">\r\n                <div class=\"block-text-carousel-wrapper\" \r\n                     data-bg-color=\"#1D2D3A\" \r\n                     data-fg-color=\"#FFF\">\r\n                    <h2>Haben Sie eine Frage oder m\u00f6chten Sie mehr \u00fcber einen Besuch im Schloss De Keverberg erfahren? Ganz gleich, ob Sie einen entspannten Ausflug, einen Gruppenbesuch oder ein Bildungsprogramm im \u201e\u2019t Huys van Vele Gezichten\u201c planen \u2013 wir beraten Sie gerne. Auch f\u00fcr Schulen und andere Gruppen bieten wir inspirierende und lehrreiche Angebote. Nehmen Sie gerne Kontakt mit uns auf.<\/h2>\n                <\/div>\r\n            <\/div>\r\n        <\/div>\r\n    <\/div>\r\n<\/div><div class=\"block-justText\" style=\"background-color: #09131c;\">\r\n    <div class=\"container\">\r\n        <div class=\"row\">\r\n            <div class=\"col-10\">\r\n                            <\/div>\r\n            <div class=\"col-10\">\r\n                                                    <div class=\"block-justText__slogan\">\r\n                        <em>Wir helfen dir gerne weiter!<\/em>\r\n                    <\/div>\r\n                            <\/div>\r\n        <\/div>\r\n    <\/div>\r\n<\/div><div class=\"block-form\">\r\n    <div class=\"container\">\r\n        <div class=\"row\">\r\n            <div class=\"col-12 col-md-5\">\r\n                <div class=\"block-form-contact load-hidden\">\r\n                                            <div class=\"block-form-contact__title\">\r\n                            <img decoding=\"async\" src=\"https:\/\/kasteeldekeverberg.nl\/wp-content\/uploads\/2026\/04\/Kasteel-De-Keverberg-contact.jpg\" alt=\"\">\r\n                        <\/div>\r\n                    \r\n                    <div class=\"block-form-contact__item\">\r\n                        <h2>Adresse des Hauses<\/h2>\r\n                        <a class=\"block-form-contact__link phone\"><\/a>\r\n                    <\/div>\r\n                    <div class=\"block-form-contact__item\">\r\n                        <h2>Anrufen<\/h2>\r\n                        <a class=\"block-form-contact__link phone\"\r\n                            href=\"tel: 077 7600 666\">\r\n                            077 \u2013 7600 666<\/a>\r\n                    <\/div>\r\n                    <div class=\"block-form-contact__item\">\r\n                        <h2>Email schicken<\/h2>\r\n                        <a class=\"block-form-contact__link\" href=\"mailto:informatie@kasteeldekeverberg.nl\">\r\n                            informatie@kasteeldekeverberg.nl<\/a>\r\n                    <\/div>\r\n                <\/div>\r\n            <\/div>\r\n            <div class=\"col-12 col-md-7\">\r\n                <div class=\"block-form__container load-hidden\">\r\n                    <div class='fluentform ff-default fluentform_wrapper_1 ffs_default_wrap'><form data-form_id=\"1\" id=\"fluentform_1\" class=\"frm-fluent-form fluent_form_1 ff-el-form-top ff_form_instance_1_1 ff-form-loading ffs_default\" data-form_instance=\"ff_form_instance_1_1\" method=\"POST\" ><fieldset  style=\"border: none!important;margin: 0!important;padding: 0!important;background-color: transparent!important;box-shadow: none!important;outline: none!important; min-inline-size: 100%;\">\n                    <legend class=\"ff_screen_reader_title\" style=\"display: block; margin: 0!important;padding: 0!important;height: 0!important;text-indent: -999999px;width: 0!important;overflow:hidden;\">Contact Form Demo<\/legend>        <div\n                style=\"display: none!important; position: absolute!important; transform: translateX(1000%)!important;\"\n                class=\"ff-el-group ff-hpsf-container\"\n        >\n            <div class=\"ff-el-input--label asterisk-right\">\n                <label for=\"ff_1_item_sf\" aria-label=\"Notify\">\n                    Notify                <\/label>\n            <\/div>\n            <div class=\"ff-el-input--content\">\n                <input type=\"text\"\n                       name=\"item_1__fluent_sf\"\n                       class=\"ff-el-form-control\"\n                       id=\"ff_1_item_sf\"\n                \/>\n            <\/div>\n        <\/div>\n                <input type=\"hidden\" id=\"__fluent_protection_token_1\" class=\"fluent-form-token-field\" name=\"__fluent_protection_token_1\">\n        <input type='hidden' name='__fluent_form_embded_post_id' value='1294' \/><input type=\"hidden\" id=\"_fluentform_1_fluentformnonce\" name=\"_fluentform_1_fluentformnonce\" value=\"db6ac1a065\" \/><input type=\"hidden\" name=\"_wp_http_referer\" value=\"\/de\/wp-json\/wp\/v2\/pages\/1294\" \/><div data-type=\"name-element\" data-name=\"names\" class=\" ff-field_container ff-name-field-wrapper\" ><div class='ff-t-container'><div class='ff-t-cell '><div class='ff-el-group'><div class=\"ff-el-input--label ff-el-is-required asterisk-right\"><label for='ff_1_names_first_name_' id='label_ff_1_names_first_name_' >Name:<\/label><\/div><div class='ff-el-input--content'><input type=\"text\" name=\"names[first_name]\" id=\"ff_1_names_first_name_\" class=\"ff-el-form-control\" placeholder=\"Dein Name\" aria-invalid=\"false\" aria-required=true><\/div><\/div><\/div><\/div><\/div><div class='ff-el-group'><div class=\"ff-el-input--label ff-el-is-required asterisk-right\"><label for='ff_1_email' id='label_ff_1_email' aria-label=\"E-Mail-Adresse:\">E-Mail-Adresse:<\/label><\/div><div class='ff-el-input--content'><input type=\"email\" name=\"email\" id=\"ff_1_email\" class=\"ff-el-form-control\" placeholder=\"Deine E-Mail-Adresse\" data-name=\"email\"  aria-invalid=\"false\" aria-required=true><\/div><\/div><div class='ff-el-group'><div class=\"ff-el-input--label asterisk-right\"><label for='ff_1_phone' id='label_ff_1_phone' aria-label=\"Telefonnummer:\">Telefonnummer:<\/label><\/div><div class='ff-el-input--content'><input name=\"phone\" class=\"ff-el-form-control ff-el-phone\" type=\"tel\" placeholder=\"Deine Telefonnummer\" data-name=\"phone\" id=\"ff_1_phone\" inputmode=\"tel\"  aria-invalid='false' aria-required=false><\/div><\/div><div class='ff-el-group'><div class=\"ff-el-input--label asterisk-right\"><label for='ff_1_input_text' id='label_ff_1_input_text' aria-label=\"Betreff:\">Betreff:<\/label><\/div><div class='ff-el-input--content'><input type=\"text\" name=\"input_text\" class=\"ff-el-form-control\" placeholder=\"Dein Thema\" data-name=\"input_text\" id=\"ff_1_input_text\"  aria-invalid=\"false\" aria-required=false><\/div><\/div><div class='ff-el-group'><div class=\"ff-el-input--label ff-el-is-required asterisk-right\"><label for='ff_1_message' id='label_ff_1_message' aria-label=\"Nachricht:\">Nachricht:<\/label><\/div><div class='ff-el-input--content'><textarea aria-required=\"true\" aria-labelledby=\"label_ff_1_message\" name=\"message\" id=\"ff_1_message\" class=\"ff-el-form-control\" placeholder=\"Deine Nachricht\" rows=\"4\" cols=\"2\" data-name=\"message\" ><\/textarea><\/div><\/div><div class='ff-el-group    ff-el-input--content'><div class='ff-el-form-check ff-el-tc'><label aria-label='Terms and Conditions: Ich bin damit einverstanden, dass meine Daten zur Kontaktaufnahme verwendet werden. Datenschutzerkl\u00e4rung Contains 1 link. Use tab navigation to review.' class='ff-el-form-check-label ff_tc_label' for=terms-n-condition_b58c295055a6e082b0a778c1a7017ed5><span class='ff_tc_checkbox'><input type=\"checkbox\" name=\"terms-n-condition\" class=\"ff-el-form-check-input\" data-name=\"terms-n-condition\" id=\"terms-n-condition_b58c295055a6e082b0a778c1a7017ed5\"  value='on' aria-invalid='false' aria-required=false><\/span> <div class='ff_t_c'><p>Ich bin damit einverstanden, dass meine Daten zur Kontaktaufnahme verwendet werden. <a>Datenschutzerkl\u00e4rung<\/a><\/p><\/div><\/label><\/div><\/div><div class='ff-el-group ff-text-left ff_submit_btn_wrapper'><button type=\"submit\" class=\"ff-btn ff-btn-submit ff-btn-md button primary ff_btn_no_style\"  aria-label=\"Verzenden\">Verzenden<\/button><\/div><\/fieldset><\/form><div id='fluentform_1_errors' class='ff-errors-in-stack ff_form_instance_1_1 ff-form-loading_errors ff_form_instance_1_1_errors'><\/div><\/div>            <script type=\"text\/javascript\">\n                window.fluent_form_ff_form_instance_1_1 = {\"id\":\"1\",\"settings\":{\"layout\":{\"labelPlacement\":\"top\",\"helpMessagePlacement\":\"with_label\",\"errorMessagePlacement\":\"inline\",\"cssClassName\":\"\",\"asteriskPlacement\":\"asterisk-right\"},\"restrictions\":{\"denyEmptySubmission\":{\"enabled\":false}}},\"form_instance\":\"ff_form_instance_1_1\",\"form_id_selector\":\"fluentform_1\",\"rules\":{\"names[first_name]\":{\"required\":{\"value\":true,\"message\":\"Dieses Feld ist ein Pflichtfeld\",\"global\":false,\"global_message\":\"Dit veld is vereist\"}},\"names[middle_name]\":{\"required\":{\"value\":false,\"message\":\"Dieses Feld ist ein Pflichtfeld\",\"global\":false,\"global_message\":\"Dit veld is vereist\"}},\"names[last_name]\":{\"required\":{\"value\":false,\"message\":\"Dieses Feld ist ein Pflichtfeld\",\"global\":false,\"global_message\":\"Dit veld is vereist\"}},\"email\":{\"required\":{\"value\":true,\"message\":\"Dieses Feld ist ein Pflichtfeld\",\"global\":false,\"global_message\":\"Dit veld is vereist\"},\"email\":{\"value\":true,\"message\":\"Dieses Feld muss eine g\\u00fcltige E-Mail-Adresse enthalten\",\"global\":false,\"global_message\":\"Dit veld moet een geldig e-mailadres bevatten\"}},\"phone\":{\"required\":{\"value\":false,\"message\":\"Dieses Feld ist ein Pflichtfeld\",\"global\":false,\"global_message\":\"Dit veld is vereist\"},\"valid_phone_number\":{\"value\":false,\"message\":\"Die Telefonnummer ist ung\\u00fcltig\",\"global\":false,\"global_message\":\"Telefoonnummer is niet geldig\"}},\"input_text\":{\"required\":{\"value\":false,\"message\":\"Dit veld is vereist\",\"global_message\":\"Dit veld is vereist\",\"global\":true}},\"message\":{\"required\":{\"value\":true,\"message\":\"Dieses Feld ist ein Pflichtfeld\",\"global\":false,\"global_message\":\"Dit veld is vereist\"}},\"terms-n-condition\":{\"required\":{\"value\":false,\"message\":\"Dit veld is vereist\",\"global_message\":\"Dit veld is vereist\",\"global\":true}}},\"debounce_time\":300};\n                            <\/script>\n                            <\/div>\r\n            <\/div>\r\n        <\/div>\r\n    <\/div>\r\n<\/div><div class=\"block-agenda-media\" style=\"background-color: #16202A;\">\r\n    <div class=\"container\">\r\n        <div class=\"row \">\r\n            <div class=\"col-12 col-md-6\">\r\n                \r\n                                    <div class=\"block-agenda-media-text double\">\r\n                        <h1 class=\"block-agenda-media-title\">\r\n                            Mit dem Auto erreichbar                        <\/h1>\r\n                        <div class=\"block-agenda-media-content\">\r\n                            <p>Das Schloss De Keverberg liegt im nordlimburgischen Kessel. Es befindet sich in g\u00fcnstiger Lage an der Kreuzung der N273 und der N277. Von dieser Kreuzung aus fahren Sie an der Tankstelle vorbei ins Dorf hinein. \u00dcber den Baarloseweg gelangen Sie zum gro\u00dfen, kostenlosen Parkplatz (beim Campingplatz Gravenhof). Kessel liegt verkehrsg\u00fcnstig und verf\u00fcgt \u00fcber sehr gute Autobahnanbindungen: 15 Minuten von Roermond (A73) und Venlo (A67), 45 Minuten von Eindhoven (A67) und 60 Minuten von Maastricht (A2), Nimwegen (A73), Duisburg und D\u00fcsseldorf (A61) entfernt.<\/p>\n                        <\/div>\r\n                    <\/div>\r\n                            <\/div>\r\n            <div class=\"col-12 col-md-6\">\r\n                <div class=\"block-agenda-media-text load-hidden double\">\r\n                    <h1 class=\"block-agenda-media-title\">\r\n                        Zu Fu\u00df erreichbar                    <\/h1>\r\n                    <div class=\"block-agenda-media-content\">\r\n                        <p>Sie erreichen das Schloss \u00fcber den Marktplatz (Tourismusb\u00fcro). Gehen Sie durch das Tor mit dem Bogen dar\u00fcber, auf dem \u201eBaron Frits \u2013 Schloss De Keverberg\u201c steht. Gehen Sie dann rechts durch das zweite gro\u00dfe Tor. Sie sehen das Schloss vor sich liegen. \u00dcber die gro\u00dfe Treppe gelangen Sie zur gro\u00dfen gr\u00fcnen Eingangst\u00fcr. Wenn Sie gehbehindert oder auf einen Rollstuhl angewiesen sind, k\u00f6nnen Sie den Aufzug benutzen. Dieser befindet sich auf Parkplatzebene, hinter der zweiten gr\u00fcnen T\u00fcr von rechts mit der Aufschrift \u201eLift\u201c. Dr\u00fccken Sie auf die Gegensprechanlage, und die T\u00fcr wird f\u00fcr Sie ge\u00f6ffnet. Sie sind herzlich willkommen.<br \/>\nHunde sind im Schloss nicht gestattet, im Schlossgarten d\u00fcrfen Hunde an der Leine gef\u00fchrt werden.<\/p>\n                    <\/div>\r\n                <\/div>\r\n            <\/div>\r\n        <\/div>\r\n    <\/div>\r\n<\/div><div class=\"block-agenda-media\" style=\"background-color: #817F75;\">\r\n    <div class=\"container\">\r\n        <div class=\"row row-reverse\">\r\n            <div class=\"col-12 col-md-6\">\r\n                \r\n                                    <div class=\"block-agenda-media__map load-hidden\">\r\n                        <div class=\"wpgb-facet wpgb-loading wpgb-facet-4\" data-facet=\"4\" data-grid=\"1\">\t<fieldset>\n\t\t<legend class=\"wpgb-facet-title wpgb-sr-only\">media_map<\/legend>\n\t\t<div class=\"wpgb-map-facet\" style=\"padding-bottom:56.25%\"><\/div>\t<\/fieldset>\n\t<\/div>                        <div class=\"line\"><\/div>\r\n                    <\/div>\r\n                            <\/div>\r\n            <div class=\"col-12 col-md-6\">\r\n                <div class=\"block-agenda-media-text load-hidden \">\r\n                    <h1 class=\"block-agenda-media-title\">\r\n                        Parken                    <\/h1>\r\n                    <div class=\"block-agenda-media-content\">\r\n                        <p>Parken f\u00fcr einen Tagesausflug nach Kessel und zum Schloss De Keverberg.<\/p>\n<p>\u00a0<\/p>\n<p>P1 = Hauptparkplatz an der Kreuzung Baarloseweg\/Ondersteweg<br \/>\n(Gravenhof)<br \/>\nP2 = Sporthalle<br \/>\nP3 = Markt (Eisdiele Clevers)<br \/>\nP4 = Markt (Tourismusb\u00fcro)<br \/>\nP5 = Kerkplein\u2028Rollstuhl = Schloss (Behindertenparkplatz)<br \/>\nRollstuhl = Schloss (Behindertenparkplatz)<\/p>\n                    <\/div>\r\n                <\/div>\r\n            <\/div>\r\n        <\/div>\r\n    <\/div>\r\n<\/div><div class=\"block-cta \">\r\n    <div class=\"container\">\r\n        <div class=\"row\">\r\n                        <div class=\"col-12 col-md-8\">\r\n                <div class=\"block-cta-divider load-hidden\">\r\n                    <img decoding=\"async\" src=\"https:\/\/kasteeldekeverberg.nl\/wp-content\/uploads\/2026\/02\/be64675199d6b926c74aa26ecf5d411bd9a2bfc5.jpg\" alt=\"\">\r\n                <\/div>\r\n            <\/div>\r\n            <div class=\"col-12 col-md-6 block-cta-top\">\r\n                <div class=\"block-cta-content\">\r\n                    <div class=\"block-cta-content-text load-hidden\"><h1>Besuchen Sie uns<\/h1>\n<p><\/p>\n<ul>\n<li>Kessel geh\u00f6rt zu den 50 sch\u00f6nsten D\u00f6rfern der Niederlande<\/li>\n<li>Aktiv, spannend und lehrreich f\u00fcr Kinder.<\/li>\n<li>Sch\u00f6n, informativ und inspirierend f\u00fcr Erwachsene.<\/li>\n<\/ul>\n<\/div>\r\n                    <h2 class=\"handwritten\">Planen Sie Ihren Besuch und erleben Sie es selbst!<\/h2>\r\n                    <a class=\"block-cta-content-button button secondary load-hidden\"\r\n                        href=\"#\"><img decoding=\"async\" src=\"https:\/\/kasteeldekeverberg.nl\/wp-content\/themes\/loeihard-theme\/assets\/img\/qrcode-sharp-regular-full.svg\" alt=\"\">Tickets bestellen<\/a>\r\n                    <div class=\"line\"><\/div>\r\n                <\/div>\r\n            <\/div>\r\n        <\/div>\r\n    <\/div>\r\n<\/div>","protected":false},"excerpt":{"rendered":"","protected":false},"author":1,"featured_media":0,"parent":0,"menu_order":0,"comment_status":"closed","ping_status":"closed","template":"","meta":{"_seopress_robots_primary_cat":"","_seopress_titles_title":"","_seopress_titles_desc":"","_seopress_robots_index":"","footnotes":""},"class_list":["post-1294","page","type-page","status-publish","hentry"],"acf":[],"publishpress_future_action":{"enabled":false,"date":"2026-05-20 13:32:01","action":"change-status","newStatus":"draft","terms":[],"taxonomy":"translation_priority","extraData":[]},"publishpress_future_workflow_manual_trigger":{"enabledWorkflows":[]},"_links":{"self":[{"href":"https:\/\/kasteeldekeverberg.nl\/de\/wp-json\/wp\/v2\/pages\/1294","targetHints":{"allow":["GET"]}}],"collection":[{"href":"https:\/\/kasteeldekeverberg.nl\/de\/wp-json\/wp\/v2\/pages"}],"about":[{"href":"https:\/\/kasteeldekeverberg.nl\/de\/wp-json\/wp\/v2\/types\/page"}],"author":[{"embeddable":true,"href":"https:\/\/kasteeldekeverberg.nl\/de\/wp-json\/wp\/v2\/users\/1"}],"replies":[{"embeddable":true,"href":"https:\/\/kasteeldekeverberg.nl\/de\/wp-json\/wp\/v2\/comments?post=1294"}],"version-history":[{"count":2,"href":"https:\/\/kasteeldekeverberg.nl\/de\/wp-json\/wp\/v2\/pages\/1294\/revisions"}],"predecessor-version":[{"id":1306,"href":"https:\/\/kasteeldekeverberg.nl\/de\/wp-json\/wp\/v2\/pages\/1294\/revisions\/1306"}],"wp:attachment":[{"href":"https:\/\/kasteeldekeverberg.nl\/de\/wp-json\/wp\/v2\/media?parent=1294"}],"curies":[{"name":"wp","href":"https:\/\/api.w.org\/{rel}","templated":true}]}}